{"id":1318,"date":"2014-02-08T21:39:19","date_gmt":"2014-02-08T21:39:19","guid":{"rendered":"http:\/\/www.atini.org.br\/quemsomos-2\/"},"modified":"2019-01-07T04:55:04","modified_gmt":"2019-01-07T07:55:04","slug":"quemsomos","status":"publish","type":"page","link":"https:\/\/www.atini.org.br\/en\/quemsomos\/","title":{"rendered":"About Us"},"content":{"rendered":"<p>[et_pb_section fb_built=&#8221;1&#8243; _builder_version=&#8221;3.18.7&#8243; background_image=&#8221;https:\/\/www.atini.org.br\/wp-content\/uploads\/2015\/03\/header-atini4.png&#8221;][et_pb_row _builder_version=&#8221;3.18.7&#8243;][et_pb_column type=&#8221;4_4&#8243; _builder_version=&#8221;3.18.7&#8243; parallax=&#8221;off&#8221; parallax_method=&#8221;on&#8221;][et_pb_text module_id=&#8221;h1border&#8221; _builder_version=&#8221;3.19&#8243; text_font=&#8221;||||||||&#8221; header_font=&#8221;Montserrat|||on|||||&#8221; header_text_color=&#8221;#ffffff&#8221; border_width_bottom=&#8221;2px&#8221; border_color_bottom=&#8221;rgba(176,186,0,0.93)&#8221; custom_padding=&#8221;||0px|0px&#8221;]<\/p>\n<h1 class=\"entry-title main_title\">Get To Know Atini<\/h1>\n<p>[\/et_pb_text][\/et_pb_column][\/et_pb_row][\/et_pb_section][et_pb_section fb_built=&#8221;1&#8243; _builder_version=&#8221;3.0.47&#8243; custom_padding=&#8221;54px|0px|54px|0px|false|false&#8221;][et_pb_row custom_padding=&#8221;38.0469px|0px|38.0469px|0|false|false&#8221; _builder_version=&#8221;3.0.48&#8243; background_size=&#8221;initial&#8221; background_position=&#8221;top_left&#8221; background_repeat=&#8221;repeat&#8221;][et_pb_column type=&#8221;3_5&#8243; _builder_version=&#8221;3.0.47&#8243; parallax=&#8221;off&#8221; parallax_method=&#8221;on&#8221;][et_pb_post_title date_format=&#8221;F,  Y&#8221; categories=&#8221;off&#8221; comments=&#8221;off&#8221; featured_image=&#8221;off&#8221; _builder_version=&#8221;3.18.7&#8243; title_font=&#8221;||||||||&#8221; meta_font=&#8221;||||||||&#8221; custom_margin=&#8221;5px||&#8221;][\/et_pb_post_title][et_pb_text ul_item_indent=&#8221;21px&#8221; _builder_version=&#8221;3.19&#8243; text_font=&#8221;||||||||&#8221; ul_font=&#8221;||||||||&#8221; background_size=&#8221;initial&#8221; background_position=&#8221;top_left&#8221; background_repeat=&#8221;repeat&#8221; custom_margin=&#8221;51px||&#8221;]<\/p>\n<p><strong>ATINI \u2013 A VOICE FOR LIFE <\/strong> is a non-profit organization, based in Bras\u00edlia \u2013 Brazil, internationally acknowledged for its pioneering role in defending the rights of indigenous children. Atini is made up of indigenous leaders, anthropologists, linguists, lawyers, religious representatives, politicians and educators, and nurtures a deep respect for indigenous cultures.<\/p>\n<h3>Um pouco de hist\u00f3ria<\/h3>\n<p>Atini means \u201cvoice\u201d in the Suruwah\u00e1 language. Our movement was inspired by the struggle of an indigenous woman, Muwaji Suruwah\u00e1, who raised her voice with courage in favor of her daughter Iganani. The girl has cerebral palsy, and was therefore sentenced to death by poisoning in her own community. Muwaji challenged the tradition of her people and even the bureaucracy of the outside world to keep her daughter alive and ensure her medical treatment.<\/p>\n<p>Muwaji\u2019s case had national repercussions when she was interviewed by the Globo TV program Fant\u00e1stico in October 2005 \u2013 she stirred the country when she said, on a national network, that she would be willing to renounce living with her people to guarantee medical treatment for her daughter. Luckily that was not necessary and Iganani is now a patient in the Sarah Network of Hospitals. She and her mother alternate periods in the Suruwah\u00e1 village with periods of rehabilitation in Bras\u00edlia.<\/p>\n<h3>Mission<\/h3>\n<p>Our mission is to eradicate infanticide in indigenous communities by promoting awareness, fostering education, and providing assistance to children at risk and survivors of attempted infanticide.<\/p>\n<h3>Values<\/h3>\n<p>Prioritization of children and defence of their inalienable right to life.<br \/>Participation of indigenous people in all stages of planning and implementation of the objectives.<br \/>Respect and appreciation of indigenous traditional culture and practices, provided they conform to the acknowledged human rights at national and international level.<br \/>Respect and appreciation of the dignity of the individual, without discrimination of any kind.<br \/>Transparency in accountability in all areas of activity.<\/p>\n<p>[\/et_pb_text][\/et_pb_column][et_pb_column type=&#8221;2_5&#8243; _builder_version=&#8221;3.0.47&#8243; parallax=&#8221;off&#8221; parallax_method=&#8221;on&#8221;][et_pb_sidebar orientation=&#8221;right&#8221; area=&#8221;et_pb_widget_area_2&#8243; _builder_version=&#8221;3.18.7&#8243; header_font=&#8221;||||||||&#8221; header_font_size=&#8221;17px&#8221; body_font=&#8221;||||||||&#8221;][\/et_pb_sidebar][\/et_pb_column][\/et_pb_row][\/et_pb_section]<\/p>\n","protected":false},"excerpt":{"rendered":"<p>Get To Know AtiniATINI \u2013 A VOICE FOR LIFE is a non-profit organization, based in Bras\u00edlia \u2013 Brazil, internationally acknowledged for its pioneering role in defending the rights of indigenous children. Atini is made up of indigenous leaders, anthropologists, linguists, lawyers, religious representatives, politicians and educators, and nurtures a deep respect for indigenous cultures. Um [&hellip;]<\/p>\n","protected":false},"author":6,"featured_media":0,"parent":0,"menu_order":0,"comment_status":"closed","ping_status":"closed","template":"","meta":{"_et_pb_use_builder":"on","_et_pb_old_content":"<h3 class=\"sd-styled-title\" style=\"text-align: justify;\"><a href=\"http:\/\/www.atini.org.br\/wp-content\/uploads\/2014\/02\/logo2.png\"><img class=\" size-medium wp-image-1177 aligncenter\" src=\"http:\/\/www.atini.org.br\/wp-content\/uploads\/2014\/02\/logo2-300x60.png\" alt=\"logo2\" width=\"300\" height=\"60\" \/><\/a><\/h3>\r\n<p style=\"text-align: justify;\"><strong>ATINI - VOZ PELA VIDA<\/strong> \u00e9 uma organiza\u00e7\u00e3o sem fins lucrativos, sediada em Bras\u00edlia - DF, reconhecida internacionalmente por sua atua\u00e7\u00e3o pioneira na defesa do direito das crian\u00e7as ind\u00edgenas. A Atini \u00e9 formada por l\u00edderes ind\u00edgenas, antrop\u00f3logos, ling\u00fcistas, advogados, religiosos, pol\u00edticos e educadores, e nutre profundo respeito pelas culturas ind\u00edgenas.<\/p>\r\n<p style=\"text-align: justify;\"><strong>Um pouco de hist\u00f3ria<\/strong>\r\nAtini significa \u201cvoz\u201d na l\u00edngua suruwah\u00e1. Nosso movimento se inspirou na luta de uma mulher ind\u00edgena, Muwaji Suruwah\u00e1, que levantou sua voz com coragem a favor de sua filha Iganani. A menina tem paralisia cerebral, e por isso estava condenada \u00e0 morte por envenenamento em sua pr\u00f3pria comunidade. Muwaji desafiou a tradi\u00e7\u00e3o de seu povo e ainda a burocracia do mundo de fora para manter sua filha viva e garantir seu tratamento m\u00e9dico.<\/p>\r\n<p style=\"text-align: justify;\">O caso de Muwaji alcan\u00e7ou repercuss\u00e3o nacional quando ela foi entrevistada pelo programa Fant\u00e1stico, da Rede Globo, em outubro de 2005 - comovendo o pa\u00eds quando afirmou, em rede nacional, que seria capaz de renunciar \u00e0 conviv\u00eancia com seu povo para garantir o tratamento m\u00e9dico de sua filha. Felizmente isso n\u00e3o foi necess\u00e1rio e hoje Iganani \u00e9 paciente da Rede Sarah de Hospitais. Ela e sua m\u00e3e alternam per\u00edodos na aldeia suruwah\u00e1 com per\u00edodos de reabilita\u00e7\u00e3o em Bras\u00edlia.<\/p>\r\n\r\n<h3 class=\"sd-styled-title\" style=\"text-align: justify;\">Miss\u00e3o<\/h3>\r\nNossa miss\u00e3o \u00e9 erradicar o infantic\u00eddio nas comunidades ind\u00edgenas, promovendo a conscientiza\u00e7\u00e3o, fomentando a educa\u00e7\u00e3o e providenciando apoio assistencial \u00e0s crian\u00e7as em situa\u00e7\u00e3o de risco e \u00e0quelas sobreviventes de tentativas de infantic\u00eddio.\r\n<h3 class=\"sd-styled-title\" style=\"text-align: justify;\">Valores<\/h3>\r\n<p style=\"text-align: justify;\">Prioriza\u00e7\u00e3o da crian\u00e7a e defesa do seu direito inalien\u00e1vel \u00e0 vida.\r\nParticipa\u00e7\u00e3o de ind\u00edgenas em todas as etapas de planejamento e execu\u00e7\u00e3o dos objetivos.\r\nRespeito e valoriza\u00e7\u00e3o da cultura e das pr\u00e1ticas tradicionais ind\u00edgenas, desde que em conformidade com os direitos humanos reconhecidos no \u00e2mbito nacional e internacional.\r\nRespeito e valoriza\u00e7\u00e3o da dignidade do indiv\u00edduo, sem discrimina\u00e7\u00e3o de natureza alguma.\r\nTranspar\u00eancia na presta\u00e7\u00e3o de contas em todas as \u00e1reas de atua\u00e7\u00e3o.<\/p>","_et_gb_content_width":"","footnotes":""},"class_list":["post-1318","page","type-page","status-publish","hentry"],"_links":{"self":[{"href":"https:\/\/www.atini.org.br\/en\/wp-json\/wp\/v2\/pages\/1318","targetHints":{"allow":["GET"]}}],"collection":[{"href":"https:\/\/www.atini.org.br\/en\/wp-json\/wp\/v2\/pages"}],"about":[{"href":"https:\/\/www.atini.org.br\/en\/wp-json\/wp\/v2\/types\/page"}],"author":[{"embeddable":true,"href":"https:\/\/www.atini.org.br\/en\/wp-json\/wp\/v2\/users\/6"}],"replies":[{"embeddable":true,"href":"https:\/\/www.atini.org.br\/en\/wp-json\/wp\/v2\/comments?post=1318"}],"version-history":[{"count":10,"href":"https:\/\/www.atini.org.br\/en\/wp-json\/wp\/v2\/pages\/1318\/revisions"}],"predecessor-version":[{"id":2385,"href":"https:\/\/www.atini.org.br\/en\/wp-json\/wp\/v2\/pages\/1318\/revisions\/2385"}],"wp:attachment":[{"href":"https:\/\/www.atini.org.br\/en\/wp-json\/wp\/v2\/media?parent=1318"}],"curies":[{"name":"wp","href":"https:\/\/api.w.org\/{rel}","templated":true}]}}