{"id":1320,"date":"2015-05-18T12:27:26","date_gmt":"2015-05-18T15:27:26","guid":{"rendered":"http:\/\/www.atini.org.br\/about-us\/o-que-fazemos\/"},"modified":"2019-02-13T05:06:05","modified_gmt":"2019-02-13T08:06:05","slug":"o-que-fazemos","status":"publish","type":"page","link":"https:\/\/www.atini.org.br\/en\/quemsomos\/o-que-fazemos\/","title":{"rendered":"What We Do"},"content":{"rendered":"<p>[et_pb_section fb_built=&#8221;1&#8243; _builder_version=&#8221;3.18.7&#8243; background_image=&#8221;https:\/\/www.atini.org.br\/wp-content\/uploads\/2015\/03\/header-atini5.png&#8221;][et_pb_row _builder_version=&#8221;3.18.7&#8243;][et_pb_column type=&#8221;4_4&#8243; _builder_version=&#8221;3.18.7&#8243;][et_pb_text module_id=&#8221;h1border&#8221; _builder_version=&#8221;3.19&#8243; header_font=&#8221;Montserrat|||on|||||&#8221; header_text_color=&#8221;#ffffff&#8221; border_width_bottom=&#8221;2px&#8221; border_color_bottom=&#8221;rgba(176,186,0,0.93)&#8221;]<\/p>\n<h1>AREAS OF ACTIVITY<\/h1>\n<p>[\/et_pb_text][\/et_pb_column][\/et_pb_row][\/et_pb_section][et_pb_section fb_built=&#8221;1&#8243; _builder_version=&#8221;3.0.47&#8243; custom_padding=&#8221;54px|0px|54px|0px|false|false&#8221;][et_pb_row custom_padding=&#8221;38.0469px|0px|38.0469px|0|false|false&#8221; _builder_version=&#8221;3.0.48&#8243; background_size=&#8221;initial&#8221; background_position=&#8221;top_left&#8221; background_repeat=&#8221;repeat&#8221;][et_pb_column type=&#8221;3_5&#8243; _builder_version=&#8221;3.0.47&#8243;][et_pb_post_title date_format=&#8221;F,  Y&#8221; categories=&#8221;off&#8221; comments=&#8221;off&#8221; featured_image=&#8221;off&#8221; _builder_version=&#8221;3.18.7&#8243; title_font=&#8221;||||||||&#8221; meta_font=&#8221;||||||||&#8221; custom_margin=&#8221;5px||&#8221;][\/et_pb_post_title][et_pb_text ul_item_indent=&#8221;21px&#8221; _builder_version=&#8221;3.19.14&#8243; text_font=&#8221;||||||||&#8221; ul_font=&#8221;||||||||&#8221; background_size=&#8221;initial&#8221; background_position=&#8221;top_left&#8221; background_repeat=&#8221;repeat&#8221;]<\/p>\n<ul>\n<li><strong>Promote awareness within society on the issue of the infanticide of indigenous children, <\/strong>addressing the issue in the most diverse media, producing and distributing informative material, promoting or participating in cultural events, seminars and lectures in universities, churches, schools, companies, etc.<\/li>\n<li><strong>Prevent infanticide together with communities and professionals working in indigenous areas<\/strong>, producing and distributing informative materials on human rights and children&#8217;s rights.<\/li>\n<li><strong>Attending children at risk of infanticide or survivors, and their families.<\/strong> Currently, Atini assists children of various ethnic groups.<\/li>\n<\/ul>\n<p>[\/et_pb_text][et_pb_text ul_item_indent=&#8221;21px&#8221; _builder_version=&#8221;3.19&#8243; text_font=&#8221;||||||||&#8221; ul_font=&#8221;||||||||&#8221; background_size=&#8221;initial&#8221; background_position=&#8221;top_left&#8221; background_repeat=&#8221;repeat&#8221;]<\/p>\n<h2>Publications<\/h2>\n<p><strong>THE RIGHT TO LIVE<\/strong><br \/>\nA booklet published in 2006, designed to generate reflection within indigenous communities. Using simplified, easy-to-understand language, the booklet explains the laws that protect children&#8217;s rights and tells the true stories of victims and survivors of infanticide. We plan to translate this booklet into other indigenous languages from all over Brazil.<\/p>\n<p><strong>Year:<\/strong> 2006\u00a0|\u00a0<strong>Pages:<\/strong> 28<br \/>\n<strong>Compiled by:<\/strong> Marcia Suzuki<br \/>\n<strong>Graphic Design:<\/strong> Maryangela Alves[\/et_pb_text][et_pb_button button_url=&#8221;http:\/\/www.atini.org.br\/wp-content\/uploads\/2015\/05\/Quebrando-o-Sil\u00eancio.pdf&#8221; url_new_window=&#8221;on&#8221; button_text=&#8221;Free PDF here&#8221; button_alignment=&#8221;left&#8221; _builder_version=&#8221;3.19&#8243; custom_button=&#8221;on&#8221; button_text_color=&#8221;rgba(176,186,0,0.93)&#8221; button_font=&#8221;||||||||&#8221;][\/et_pb_button][et_pb_text ul_item_indent=&#8221;21px&#8221; _builder_version=&#8221;3.19&#8243; text_font=&#8221;||||||||&#8221; ul_font=&#8221;||||||||&#8221; background_size=&#8221;initial&#8221; background_position=&#8221;top_left&#8221; background_repeat=&#8221;repeat&#8221; custom_margin=&#8221;51px||&#8221;]<strong>Breaking the Silence \u2013 a debate on infanticide in the indigenous communities of Brazil <\/strong><br \/>\nA magazine published in September 2007 addresses the issue from different points of view, such as Human Rights, Anthropology, Cultural Relativism, Bioethics, as well as bringing witness accounts of professionals working in indigenous areas, relatives of victims and survivors. The magazine, which invites Brazilian society to discuss the subject, was presented on the program \u2018Programa do J\u00f4\u2019 during an interview with actor S\u00e9rgio Mamberti.<\/p>\n<p><strong>Year:<\/strong> 2007\u00a0|\u00a0<strong>Pages:<\/strong> 28<br \/>\n<strong>Compiled by:<\/strong> Marcia Suzuki<br \/>\n<strong>Graphic Design:<\/strong> Maryangela Alves[\/et_pb_text][et_pb_button button_url=&#8221;http:\/\/www.atini.org.br\/wp-content\/uploads\/2015\/05\/Quebrando-o-Sil\u00eancio.pdf&#8221; url_new_window=&#8221;on&#8221; button_text=&#8221;Free PDF here&#8221; button_alignment=&#8221;left&#8221; _builder_version=&#8221;3.19&#8243; custom_button=&#8221;on&#8221; button_text_color=&#8221;rgba(176,186,0,0.93)&#8221; button_font=&#8221;||||||||&#8221;][\/et_pb_button][\/et_pb_column][et_pb_column type=&#8221;2_5&#8243; _builder_version=&#8221;3.0.47&#8243;][et_pb_sidebar orientation=&#8221;right&#8221; area=&#8221;et_pb_widget_area_2&#8243; _builder_version=&#8221;3.18.7&#8243; header_font=&#8221;||||||||&#8221; header_font_size=&#8221;17px&#8221; body_font=&#8221;||||||||&#8221;][\/et_pb_sidebar][\/et_pb_column][\/et_pb_row][\/et_pb_section]<\/p>\n","protected":false},"excerpt":{"rendered":"<p>AREAS OF ACTIVITY Promote awareness within society on the issue of the infanticide of indigenous children, addressing the issue in the most diverse media, producing and distributing informative material, promoting or participating in cultural events, seminars and lectures in universities, churches, schools, companies, etc. Prevent infanticide together with communities and professionals working in indigenous areas, [&hellip;]<\/p>\n","protected":false},"author":6,"featured_media":2388,"parent":1318,"menu_order":0,"comment_status":"closed","ping_status":"closed","template":"","meta":{"_et_pb_use_builder":"on","_et_pb_old_content":"<ul>\r\n \t<li><strong>Promover a conscientiza\u00e7\u00e3o e a sensibiliza\u00e7\u00e3o da sociedade sobre a quest\u00e3o do infantic\u00eddio de crian\u00e7as ind\u00edgenas<\/strong>, abordando o assunto nos mais diversos meios de comunica\u00e7\u00e3o, produzindo e distribuindo material informativo, promovendo ou participando de eventos culturais, semin\u00e1rios e palestras em universidades, igrejas, escolas, empresas etc.<\/li>\r\n \t<li><strong>Prevenir o infantic\u00eddio junto \u00e0s comunidades e profissionais atuantes em \u00e1reas ind\u00edgenas<\/strong>, produzindo e distribuindo material informativo conscientiza\u00e7\u00e3o sobre os direitos humanos e direitos das crian\u00e7as.<\/li>\r\n \t<li><strong>Assistir crian\u00e7as em risco de infantic\u00eddio ou sobreviventes, e seus familiares.<\/strong> Atualmente, a Atini assiste crian\u00e7as das etnias Kamayur\u00e1, Kajabi, Suruwah\u00e1, Kuikuro, Ikpeng.<\/li>\r\n<\/ul>\r\n<h3 class=\"sd-styled-title\">Publica\u00e7\u00f5es<\/h3>\r\n<div><strong>\u00a0<img class=\"alignnone wp-image-1311 size-full\" src=\"https:\/\/www.atini.org.br\/wp-content\/uploads\/2015\/05\/cartilha.7.jpg\" alt=\"\" width=\"282\" height=\"173\" \/>\r\nO DIREITO DE VIVER<\/strong>\r\nCartilha publicada em 2006, elaborada para gerar reflex\u00e3o dentro das comunidades ind\u00edgenas. Utilizando uma linguagem simplificada, de f\u00e1cil entendimento, a cartilha explica as leis que protegem os direitos das crian\u00e7as e conta hist\u00f3rias reais de v\u00edtimas e sobreviventes do infantic\u00eddio. Planejamos traduzir essa cartilha para outras l\u00ednguas ind\u00edgenas, de todo o Brasil.<\/div>\r\n<div><\/div>\r\n<div>\u00a0[button link=\"http:\/\/www.atini.org.br\/wp-content\/uploads\/2015\/05\/Quebrando-o-Sil\u00eancio.pdf\" target=\"_blank\" bgcolor=\"#9DAD20\" textcolor=\"#ffffff\" size=\"medium\" radius=\"5px\" align=\"left\" rel=\"nofollow\"]Download[\/button]<\/div>\r\n<div><\/div>\r\n<div><\/div>\r\n<strong><img class=\" wp-image-1031 size-full alignright\" src=\"http:\/\/www.atini.org.br\/wp-content\/uploads\/2006\/04\/quebrandofoto-e1432234861831.jpg\" alt=\"quebrandofoto\" width=\"128\" height=\"132\" \/>Quebrando o Sil\u00eancio \u2013 um debate sobre o infantic\u00eddio nas comunidades ind\u00edgenas do Brasil\r\n<\/strong>Revista publicada em setembro de 2007 aborda o assunto sob diferentes pontos de vista, tais como Direitos Humanos, Antropologia, Relativismo Cultural, Bio\u00e9tica, al\u00e9m de trazer o relato de testemunhas, profissionais que trabalham em \u00e1reas ind\u00edgenas, parentes de v\u00edtimas e sobreviventes. A revista, que convida a sociedade brasileira a discutir o assunto, foi apresentada no Programa do J\u00f4 durante entrevista com o ator\u00a0 S\u00e9rgio Mamberti.\r\n\r\n[button link=\"http:\/\/www.atini.org.br\/wp-content\/uploads\/2015\/05\/Quebrando-o-Sil\u00eancio.pdf\" target=\"_blank\" bgcolor=\"#9DAD20\" textcolor=\"#ffffff\" size=\"medium\" radius=\"5px\" align=\"left\" rel=\"nofollow\"]Download[\/button]","_et_gb_content_width":"","footnotes":""},"class_list":["post-1320","page","type-page","status-publish","has-post-thumbnail","hentry"],"_links":{"self":[{"href":"https:\/\/www.atini.org.br\/en\/wp-json\/wp\/v2\/pages\/1320","targetHints":{"allow":["GET"]}}],"collection":[{"href":"https:\/\/www.atini.org.br\/en\/wp-json\/wp\/v2\/pages"}],"about":[{"href":"https:\/\/www.atini.org.br\/en\/wp-json\/wp\/v2\/types\/page"}],"author":[{"embeddable":true,"href":"https:\/\/www.atini.org.br\/en\/wp-json\/wp\/v2\/users\/6"}],"replies":[{"embeddable":true,"href":"https:\/\/www.atini.org.br\/en\/wp-json\/wp\/v2\/comments?post=1320"}],"version-history":[{"count":6,"href":"https:\/\/www.atini.org.br\/en\/wp-json\/wp\/v2\/pages\/1320\/revisions"}],"predecessor-version":[{"id":2826,"href":"https:\/\/www.atini.org.br\/en\/wp-json\/wp\/v2\/pages\/1320\/revisions\/2826"}],"up":[{"embeddable":true,"href":"https:\/\/www.atini.org.br\/en\/wp-json\/wp\/v2\/pages\/1318"}],"wp:featuredmedia":[{"embeddable":true,"href":"https:\/\/www.atini.org.br\/en\/wp-json\/wp\/v2\/media\/2388"}],"wp:attachment":[{"href":"https:\/\/www.atini.org.br\/en\/wp-json\/wp\/v2\/media?parent=1320"}],"curies":[{"name":"wp","href":"https:\/\/api.w.org\/{rel}","templated":true}]}}